{"id":3,"date":"2019-08-02T12:51:02","date_gmt":"2019-08-02T10:51:02","guid":{"rendered":"http:\/\/visitcaprarola.it\/sinequanon\/?page_id=3"},"modified":"2019-09-03T18:49:15","modified_gmt":"2019-09-03T16:49:15","slug":"privacy-policy","status":"publish","type":"page","link":"http:\/\/visitcaprarola.it\/sinequanon\/privacy-policy\/","title":{"rendered":"Privacy Policy"},"content":{"rendered":"\nRete di Imprese Sine Qua Non, con sede a Caprarola (VT), Via F. Nicolai, 2 - 01032, mail&nbsp;reteimpresesinequanon@gmail.com, tel. 0761649028, in qualit\u00e0 di Titolare del Trattamento (di seguito anche \u201cTitolare\u201d) ai sensi dell\u2019art. 13 del Regolamento (UE) n. 2016\/679, recante il Regolamento Generale sulla Protezione dei Dati personali (di seguito anche GDPR), con il presente documento intende informare quanti intendono interagire con la stessa tramite il sito http:\/\/www.visitcaprarola.it\/sinequanon (da qui in avanti anche \u201cSito\u201d) e fruire dei servizi erogati tramite lo stesso, sulle politiche di gestione dei dati adottate.<\/p>\n\n\n\n<p>La presente Privacy Policy si riferisce esclusivamente ai dati raccolti tramite il Sito ed ai&nbsp;cookie&nbsp;utilizzati per la navigazione delle pagine web del Sito e non si estende ai dati raccolti direttamente, o mediante&nbsp;cookie, da siti gestiti da altri soggetti cui eventualmente il Sito rinvia.<\/p>\n\n\n\n<p>Questo documento costituisce un\u2019informativa semplificata e generale, ai sensi dell\u2019articolo 12 del GDPR; l\u2019informativa dettagliata&nbsp;ex&nbsp;articolo 13 verr\u00e0 resa al momento dell\u2019acquisizione dei dati.<\/p>\n\n\n\n<p><strong>Principi generali del trattamento<\/strong><\/p>\n\n\n\n<p>Il Titolare mette in atto misure tecniche e organizzative adeguate a garantire, ed essere in grado di dimostrare, che il trattamento dei dati da Te conferiti sia effettuato in conformit\u00e0 al GDPR tenuto conto della natura, dell\u2019ambito di applicazione, del contesto e delle finalit\u00e0 del trattamento, nonch\u00e9 dei rischi, per i diritti e le libert\u00e0 delle persone fisiche, connessi al trattamento dei dati ed aventi probabilit\u00e0 e gravit\u00e0 diverse.<\/p>\n\n\n\n<p>Il presente documento \u00e8, pertanto, sottoposto a periodica revisione, al fine di assicurare la piena aderenza e conformit\u00e0 alle procedure e alle prassi seguite dal Titolare.<\/p>\n\n\n\n<p><strong>Titolare del trattamento<\/strong><\/p>\n\n\n\n<p>Titolare del trattamento \u00e8, ai sensi dell\u2019art. 4 GDPR, Rete di Imprese Sine Qua Non, con sede a Caprarola (VT), Via F. Nicolai, 2 - 01032, mail&nbsp;reteimpresesinequanon@gmail.com, tel. 0761649028\n\n\n\n<p><strong>Tipologie di dati e finalit\u00e0 del trattamento<\/strong><\/p>\n\n\n\n<p>Ai fini della presente Privacy Policy si comunica che il Sito (o applicazioni di terze parti che questo Sito utilizza) raccoglie automaticamente&nbsp;dati di navigazione&nbsp;quali: indirizzi IP o nomi a dominio del terminale da Te utilizzato per accedere a questo Sito, orario di accesso, tempo di latenza, caratteristiche del browser e del sistema operativo utilizzati per l\u2019accesso, tempo di visita delle pagine e sequenza delle pagine consultate.<\/p>\n\n\n\n<p>Tali dati sono trattati esclusivamente in forma aggregata e anonimizzata al fine di comprendere come il Titolare possa migliorare la qualit\u00e0 della navigazione del Sito<\/p>\n\n\n\n<p><strong>Facoltativit\u00e0 od obbligatoriet\u00e0 del consenso<\/strong><\/p>\n\n\n\n<p>Il consenso al trattamento dei dati \u00e8 necessario. Pertanto, qualora Tu non intenda acconsentire al trattamento Ti chiediamo di cessare subito la navigazione sul Sito.<\/p>\n\n\n\n<p><strong>Modalit\u00e0 del trattamento<\/strong><\/p>\n\n\n\n<p>Il Titolare tratter\u00e0 i Tuoi dati nel rispetto delle garanzie di riservatezza e delle misure di sicurezza adeguate previste dalla normativa vigente attraverso strumenti informatici con logiche strettamente correlate alle finalit\u00e0 del trattamento.<\/p>\n\n\n\n<p><strong>Comunicazione e trasferimento dei dati personali<\/strong><\/p>\n\n\n\n<p>I Tuoi dati personali saranno trattati all\u2019interno dell\u2019Unione Europea e conservati su&nbsp;server&nbsp;ubicati all\u2019interno dell\u2019Unione Europea.<\/p>\n\n\n\n<p>In nessun caso i Tuoi dati saranno comunicati a terzi, salvo espressa richiesta dell\u2019autorit\u00e0 giudiziaria.<\/p>\n\n\n\n<p><strong>Periodo di conservazione dei dati personali<\/strong><\/p>\n\n\n\n<p>I Tuoi dati saranno trattati per il tempo della navigazione e saranno successivamente aggregati per finalit\u00e0 statistiche.<\/p>\n\n\n\n<p><strong>Diritti degli interessati<\/strong><\/p>\n\n\n\n<p>In relazione ai Tuoi dati di navigazione, ai sensi degli articoli 15-22 del GDPR, hai il diritto di:<\/p>\n\n\n\n<p>(i) accedere e chiederne copia;<br>(ii) richiedere la rettifica;<br>(iii) richiedere la cancellazione;<br>(iv) ottenere la limitazione del trattamento;<br>(v)  opporTi al trattamento;<br>(vi) ricevere i dati conferiti al Titolare in un formato strutturato, di uso comune e leggibile da dispositivo automatico;<br>(vii) proporre reclamo al Garante ai sensi dell\u2019art 77 del GDPR. A tal fine puoi utilizzare il modello messo a disposizione dal Garante per la protezione dei dati personali di cui al <a href=\"http:\/\/www.garanteprivacy.it\/web\/guest\/home\/docweb\/-\/docweb-display\/docweb\/4535524\" target=\"_blank\" rel=\"noreferrer noopener\" aria-label=\"link (apre in una nuova scheda)\">link<\/a><\/p>\n\n\n\n<p>Per l\u2019esercizio dei Tuoi diritti o per la revoca del consenso potrai contattare il Titolare scrivendo al seguente indirizzo e-mail reteimpresesinequanon@gmail.com, o chiamando al n. 0761649028, nonch\u00e9 inviando una comunicazione al seguente indirizzo: Rete di Imprese Sine Qua Non, con sede a Caprarola (VT), Via F. Nicolai, 2 - 01032\n\n\n\n<p>La Tua richiesta sar\u00e0 riscontrata nel minor tempo possibile e, comunque, nei termini di cui al GDPR.<\/p>\n\n\n\n<h1 id=\"cookie\">Cookie Policy<\/h1>\n\n\n\n<p>La presente Cookie Policy ha lo scopo specifico di illustrare le tipologie di cookie installate sul sito http:\/\/www.visitcaprarola.it\/sinequanon (da qui in avanti anche \u201cSito\u201d), le finalit\u00e0 e le modalit\u00e0 di utilizzo degli stessi, nonch\u00e9 di fornire indicazioni circa le modalit\u00e0 con le quali Tu puoi negare, anche in un secondo momento, il consenso e\/o modificare, in ogni momento e in maniera agevole, le opzioni relative all\u2019uso dei cookie da parte del Sito.<\/p>\n\n\n\n<p>La presente Cookie Policy costituisce parte integrante della Privacy Policy. Tu potrai esercitare i diritti previsti dagli artt. 15-22 del GDPR, scrivendo all\u2019indirizzo&nbsp;mail&nbsp;reteimpresesinequanon@gmail.com, mentre per modificare le impostazioni sui&nbsp;cookie&nbsp;dovrai modificare le importazioni del Tuo&nbsp;browser&nbsp;seguendo le indicazioni presenti in questa Cookie Policy.<\/p>\n\n\n\n<p><em>Che cosa sono i cookie?<\/em><\/p>\n\n\n\n<p>I cookie sono stringhe di testo di piccole dimensioni che i siti visitati dall\u2019utente inviano al Tuo terminale tramite il browser utilizzato per aprire e consultare le pagine web, dove vengono memorizzati per essere poi ritrasmessi agli stessi siti alla successiva visita del medesimo utente. Nel corso della navigazione su un sito, l\u2019utente pu\u00f2 ricevere sul suo terminale anche&nbsp;cookie&nbsp;che vengono inviati da siti o da web server diversi (c.d. \u201cterze parti\u201d), sui quali possono risiedere alcuni elementi (quali, ad esempio, immagini, mappe, suoni, specifici link a pagine di altri domini) presenti sul sito che lo stesso sta visitando.<\/p>\n\n\n\n<p>Per&nbsp;default&nbsp;quasi tutti i browser web sono impostati per accettare automaticamente i cookie.<\/p>\n\n\n\n<p>Nel provvedimento n. 229 dell\u20198 maggio 2014 il Garante per la protezione dei dati personali ha individuato le seguenti macro-categorie di cookie.<\/p>\n\n\n\n<p><strong>Cookie tecnici<\/strong>: sono quelli utilizzati al solo fine di \u201ceffettuare la trasmissione di una comunicazione su una rete di comunicazione elettronica, o nella misura strettamente necessaria al fornitore di un servizio della societ\u00e0 dell\u2019informazione esplicitamente richiesto dall\u2019abbonato o dall\u2019utente a erogare tale servizio\u201d (cfr. art. 122, comma 1, del d.lgs. n. 196\/2003, anche Codice Privacy). Essi non vengono utilizzati per scopi ulteriori e sono normalmente installati direttamente dal titolare o gestore del sito web. Possono essere suddivisi in:<\/p>\n\n\n\n<p>\u2022 <strong>cookie di navigazione<\/strong> o di sessione, che garantiscono la normale navigazione e fruizione del sito (permettendo, ad esempio, di realizzare un acquisto o autenticarsi per accedere ad aree riservate);<br>\u2022 <strong>cookie analytics<\/strong>, assimilati ai cookie tecnici laddove utilizzati direttamente dal gestore del sito per raccogliere informazioni, in forma aggregata, sul numero degli utenti e su come questi visitano il sito stesso;<br> \u2022 <strong>cookie di funzionalit\u00e0<\/strong>, che permettono all\u2019utente la navigazione in funzione di una serie di criteri selezionati (ad esempio, la lingua, i prodotti selezionati per l\u2019acquisto) al fine di migliorare il servizio reso allo stesso.<\/p>\n\n\n\n<p>Per l\u2019installazione di tali cookie non \u00e8 richiesto il preventivo consenso degli utenti, mentre resta fermo l\u2019obbligo di dare l\u2019informativa ai sensi dell\u2019art. 13 del Regolamento (UE) n. 2016\/679, che il gestore del sito, qualora utilizzi soltanto tali dispositivi, potr\u00e0 fornire con le modalit\u00e0 che ritiene pi\u00f9 idonee.<\/p>\n\n\n\n<p> <strong>Cookie di profilazione:<\/strong> sono volti a creare profili relativi all\u2019utente e vengono utilizzati al fine di inviare messaggi pubblicitari in linea con le preferenze manifestate dallo stesso nell\u2019ambito della navigazione in rete.<\/p>\n\n\n\n<p>In ragione della particolare invasivit\u00e0 che tali dispositivi possono avere nell\u2019ambito della sfera privata degli utenti, la normativa europea e italiana prevede che l\u2019utente debba essere adeguatamente informato sull\u2019uso degli stessi ed esprimere cos\u00ec il proprio valido consenso. Ad essi si riferisce l\u2019art. 122 del Codice Privacy laddove prevede, al comma 1, che \u201cl\u2019archiviazione delle informazioni nell\u2019apparecchio terminale di un contraente o di un utente o l\u2019accesso a informazioni gi\u00e0 archiviate sono consentiti unicamente a condizione che l\u2019utente abbia espresso il proprio consenso dopo essere stato informato con le modalit\u00e0 semplificate di cui all\u2019articolo 13, comma 3\u201d.<\/p>\n\n\n\n<p>I&nbsp;cookie&nbsp;possono essere installati sul terminale dell\u2019utente dallo stesso gestore del sito che l\u2019utente sta visitando (che pu\u00f2 essere sinteticamente indicato come \u201ceditore\u201d) o di un sito diverso che installa cookie per il tramite del primo (c.d. \u201cterze parti\u201d). Il Garante per la protezione dei dati personali distingue tra i due soggetti al fine di individuare correttamente i rispettivi ruoli e le rispettive responsabilit\u00e0, con riferimento al rilascio dell\u2019informativa e all\u2019acquisizione del consenso degli utenti online. Infatti, non risulta possibile porre in capo all\u2019editore l\u2019obbligo di fornire l\u2019informativa e acquisire il consenso all\u2019installazione dei cookie nell\u2019ambito del proprio sito anche per quelli installati dalle \u201cterze parti\u201d, in quanto l\u2019editore spesso non conosce direttamente tutte le terze parti che installano cookie tramite il proprio sito e, quindi, neppure la logica sottesa ai relativi trattamenti. Inoltre, non di rado tra l\u2019editore e le terze parti si frappongono soggetti che svolgono il ruolo di concessionari, risultando di fatto molto complesso per l\u2019editore il controllo sull\u2019attivit\u00e0 di tutti i soggetti coinvolti.<\/p>\n\n\n\n<p>Ci\u00f2 determinerebbe peraltro una generale mancanza di chiarezza dell\u2019informativa rilasciata dall\u2019editore, rendendo al contempo estremamente faticosa per l\u2019utente la lettura del documento e quindi la comprensione delle informazioni in esso contenute, con ci\u00f2 vanificando anche l\u2019intento di semplificazione previsto dall\u2019art. 122 del Codice Privacy.<\/p>\n\n\n\n<p><strong>Come funzionano e come si eliminano i cookie?<\/strong><\/p>\n\n\n\n<p>Ciascun utente pu\u00f2 impostare il&nbsp;browser&nbsp;del proprio terminale in modo tale che esso accetti\/rifiuti tutti i cookie o visualizzi un avviso ogni qual volta viene proposto un&nbsp;cookie, al fine di poter valutare se accettarlo o meno.<\/p>\n\n\n\n<p>L\u2019utente \u00e8 abilitato, comunque, a modificare la configurazione predefinita (di default) e disabilitare i&nbsp;cookie&nbsp;(cio\u00e8 bloccarli in via definitiva), impostando il livello di protezione pi\u00f9 elevato.<\/p>\n\n\n\n<p>Le modalit\u00e0 per bloccare o eliminare i cookie dal proprio dispositivo variano a seconda del tipo di terminale e a seconda del tipo di browser impiegato.<\/p>\n\n\n\n<p>Se si usa un dispositivo fisso (pc, laptop, notebook, netbook e similari) \u00e8 necessario intervenire sulle impostazioni del&nbsp;browser:<\/p>\n\n\n\n<p> \u2022 Internet explorer [<a href=\"http:\/\/windows.microsoft.com\/it-it\/windows7\/block-enable-or-allow-cookies\" target=\"_blank\" rel=\"noreferrer noopener\" aria-label=\"leggi guida (apre in una nuova scheda)\">leggi guida<\/a>]\n\n\n\n<p> \u2022 Chrome [<a href=\"https:\/\/support.google.com\/chrome\/answer\/95647?hl=it\" target=\"_blank\" rel=\"noreferrer noopener\" aria-label=\"leggi guida (apre in una nuova scheda)\">leggi guida<\/a>]\n\n\n\n<p> \u2022 Firefox [<a href=\"https:\/\/support.mozilla.org\/it\/kb\/Bloccare%20i%20cookie\" target=\"_blank\" rel=\"noreferrer noopener\" aria-label=\"leggi guida (apre in una nuova scheda)\">leggi guida<\/a>]\n\n\n\n<p> \u2022 Safari [<a href=\"https:\/\/support.apple.com\/it-it\/HT201265\" target=\"_blank\" rel=\"noreferrer noopener\" aria-label=\"leggi guida (apre in una nuova scheda)\">leggi guida<\/a>]\n\n\n\n<p>Se si usa un dispositivo mobile (smartphone o tablet) \u00e8 necessario modificare le impostazioni del proprio terminale:<\/p>\n\n\n\n<p> \u2022 Apple [<a href=\"https:\/\/support.apple.com\/it-it\/HT201265\" target=\"_blank\" rel=\"noreferrer noopener\" aria-label=\" (apre in una nuova scheda)\">leggi guida<\/a>]\n\n\n\n<p> \u2022 Android [<a href=\"https:\/\/support.google.com\/chrome\/answer\/95647?hl=it\" target=\"_blank\" rel=\"noreferrer noopener\" aria-label=\"leggi guida (apre in una nuova scheda)\">leggi guida<\/a>]\n\n\n\n<p>Per maggiori informazioni si consiglia di consultare la guida elaborata da Google e disponibile a questo <a href=\"https:\/\/www.cookiechoices.org\/\" target=\"_blank\" rel=\"noreferrer noopener\" aria-label=\" (apre in una nuova scheda)\">link<\/a><\/p>\n\n\n\n<p><strong>Quali tipologie e categorie di cookie utilizza il Titolare nel Sito e per quali finalit\u00e0?<\/strong><\/p>\n\n\n\n<p>Il Sito utilizza cookie tecnici di funzionalit\u00e0 e analitici.<\/p>\n\n\n\n<p>I&nbsp;cookie di funzionalit\u00e0&nbsp;consentono al Sito di ricordare le scelte dell\u2019utente al fine di consentirgli una pi\u00f9 semplice navigazione. In particolare il Sito impiega il cookie \u201cviewed_cookie_policy\u201d, conservato per un massimo di 364 giorni, per archiviare l\u2019accettazione dell\u2019utilizzo dei cookie da parte dell\u2019utente che ha manifestato il consenso.<\/p>\n\n\n\n<p>I dati acquisti attraverso i&nbsp;cookie tecnici analitici&nbsp;sono trattati in forma aggregata, e dunque anonima, al fine di comprendere quali sono le pagine pi\u00f9 visitate del Sito e, pi\u00f9 in generale, le modalit\u00e0 di fruizione dello stesso.<\/p>\n\n\n\n<p><strong>Ulteriori tipologie di cookie presenti<\/strong><\/p>\n\n\n\n<p><em>Interazione con social network e piattaforme esterne<\/em><\/p>\n\n\n\n<p>I servizi di interazione con social network e piattaforme esterne permettono di effettuare interazioni con i social network, o con altre piattaforme esterne, direttamente dalle pagine del Sito. Le interazioni e le informazioni acquisite dal Sito sono in ogni caso soggette alle impostazioni privacy dell\u2019utente relative ad ogni social network. Nel caso in cui sia installato un servizio di interazione con i social network, \u00e8 possibile che, anche nel caso in cui gli utenti non utilizzino il servizio, lo stesso raccolga dati di traffico relativi alle pagine in cui \u00e8 installato.<\/p>\n\n\n\n<p><strong>Dati personali raccolti: cookie e dati di utilizzo.<\/strong><\/p>\n\n\n\n<p><em>Visualizzazione di contenuti da piattaforme esterne<\/em><\/p>\n\n\n\n<p>I servizi di visualizzazione di contenuti da piattaforme esterne permettono di visualizzare contenuti ospitati su piattaforme esterne direttamente dalle pagine di questo Sito e di interagire con essi.<\/p>\n\n\n\n<p>Nel caso in cui sia installato un servizio di questo tipo, \u00e8 possibile che, anche nel caso in cui gli utenti non utilizzino il servizio, lo stesso raccolga dati di traffico relativi alle pagine in cui \u00e8 installato.<\/p>\n\n\n\n<p><strong>Modifiche della Cookie Policy<\/strong><\/p>\n\n\n\n<p>Il Titolare si riserva di modificare questa policy in qualsiasi momento. Si suggerisce all\u2019utente di controllare in fondo al documento, la \u201cData dell\u2019ultima revisione\u201d per verificare a quando risale l\u2019ultimo aggiornamento.<\/p>\n\n\n\n<p>Qualunque cambiamento nella presente policy avr\u00e0 effetto dalla data di pubblicazione sul Sito.<\/p>\n\n\n\n<p>Data dell\u2019ultima revisione:\u00a0<strong>10\u00a0Novembre 2018<\/strong><\/p>\n","protected":false},"excerpt":{"rendered":"<p>, mail&nbsp;, tel. 0761649028, in qualit\u00e0 di Titolare del Trattamento (di seguito anche \u201cTitolare\u201d) ai sensi dell\u2019art. 13 del Regolamento (UE) n. 2016\/679, recante il Regolamento Generale sulla Protezione dei Dati personali (di seguito anche GDPR), con il presente documento intende informare quanti intendono interagire con la stessa tramite il sito (da qui in avanti [&hellip;]<\/p>\n","protected":false},"author":2,"featured_media":0,"parent":0,"menu_order":0,"comment_status":"closed","ping_status":"open","template":"","meta":[],"yoast_head":"<!-- This site is optimized with the Yoast SEO plugin v18.4.1 - https:\/\/yoast.com\/wordpress\/plugins\/seo\/ -->\n<title>Privacy Policy - Sine Qua Non<\/title>\n<meta name=\"robots\" content=\"index, follow, max-snippet:-1, max-image-preview:large, max-video-preview:-1\" \/>\n<link rel=\"canonical\" href=\"http:\/\/visitcaprarola.it\/sinequanon\/privacy-policy\/\" \/>\n<meta property=\"og:locale\" content=\"it_IT\" \/>\n<meta property=\"og:type\" content=\"article\" \/>\n<meta property=\"og:title\" content=\"Privacy Policy - Sine Qua Non\" \/>\n<meta property=\"og:description\" content=\", mail&nbsp;, tel. 0761649028, in qualit\u00e0 di Titolare del Trattamento (di seguito anche \u201cTitolare\u201d) ai sensi dell\u2019art. 13 del Regolamento (UE) n. 2016\/679, recante il Regolamento Generale sulla Protezione dei Dati personali (di seguito anche GDPR), con il presente documento intende informare quanti intendono interagire con la stessa tramite il sito (da qui in avanti [&hellip;]\" \/>\n<meta property=\"og:url\" content=\"http:\/\/visitcaprarola.it\/sinequanon\/privacy-policy\/\" \/>\n<meta property=\"og:site_name\" content=\"Sine Qua Non\" \/>\n<meta property=\"article:modified_time\" content=\"2019-09-03T16:49:15+00:00\" \/>\n<meta name=\"twitter:card\" content=\"summary_large_image\" \/>\n<meta name=\"twitter:label1\" content=\"Tempo di lettura stimato\" \/>\n\t<meta name=\"twitter:data1\" content=\"10 minuti\" \/>\n<script type=\"application\/ld+json\" class=\"yoast-schema-graph\">{\"@context\":\"https:\/\/schema.org\",\"@graph\":[{\"@type\":\"WebSite\",\"@id\":\"https:\/\/visitcaprarola.it\/sinequanon\/#website\",\"url\":\"https:\/\/visitcaprarola.it\/sinequanon\/\",\"name\":\"Sine Qua Non\",\"description\":\"Rete Imprese di Caprarola\",\"potentialAction\":[{\"@type\":\"SearchAction\",\"target\":{\"@type\":\"EntryPoint\",\"urlTemplate\":\"https:\/\/visitcaprarola.it\/sinequanon\/?s={search_term_string}\"},\"query-input\":\"required name=search_term_string\"}],\"inLanguage\":\"it-IT\"},{\"@type\":\"WebPage\",\"@id\":\"http:\/\/visitcaprarola.it\/sinequanon\/privacy-policy\/#webpage\",\"url\":\"http:\/\/visitcaprarola.it\/sinequanon\/privacy-policy\/\",\"name\":\"Privacy Policy - Sine Qua Non\",\"isPartOf\":{\"@id\":\"https:\/\/visitcaprarola.it\/sinequanon\/#website\"},\"datePublished\":\"2019-08-02T10:51:02+00:00\",\"dateModified\":\"2019-09-03T16:49:15+00:00\",\"breadcrumb\":{\"@id\":\"http:\/\/visitcaprarola.it\/sinequanon\/privacy-policy\/#breadcrumb\"},\"inLanguage\":\"it-IT\",\"potentialAction\":[{\"@type\":\"ReadAction\",\"target\":[\"http:\/\/visitcaprarola.it\/sinequanon\/privacy-policy\/\"]}]},{\"@type\":\"BreadcrumbList\",\"@id\":\"http:\/\/visitcaprarola.it\/sinequanon\/privacy-policy\/#breadcrumb\",\"itemListElement\":[{\"@type\":\"ListItem\",\"position\":1,\"name\":\"Home\",\"item\":\"https:\/\/visitcaprarola.it\/sinequanon\/\"},{\"@type\":\"ListItem\",\"position\":2,\"name\":\"Privacy Policy\"}]}]}<\/script>\n<!-- \/ Yoast SEO plugin. -->","yoast_head_json":{"title":"Privacy Policy - Sine Qua Non","robots":{"index":"index","follow":"follow","max-snippet":"max-snippet:-1","max-image-preview":"max-image-preview:large","max-video-preview":"max-video-preview:-1"},"canonical":"http:\/\/visitcaprarola.it\/sinequanon\/privacy-policy\/","og_locale":"it_IT","og_type":"article","og_title":"Privacy Policy - Sine Qua Non","og_description":", mail&nbsp;, tel. 0761649028, in qualit\u00e0 di Titolare del Trattamento (di seguito anche \u201cTitolare\u201d) ai sensi dell\u2019art. 13 del Regolamento (UE) n. 2016\/679, recante il Regolamento Generale sulla Protezione dei Dati personali (di seguito anche GDPR), con il presente documento intende informare quanti intendono interagire con la stessa tramite il sito (da qui in avanti [&hellip;]","og_url":"http:\/\/visitcaprarola.it\/sinequanon\/privacy-policy\/","og_site_name":"Sine Qua Non","article_modified_time":"2019-09-03T16:49:15+00:00","twitter_card":"summary_large_image","twitter_misc":{"Tempo di lettura stimato":"10 minuti"},"schema":{"@context":"https:\/\/schema.org","@graph":[{"@type":"WebSite","@id":"https:\/\/visitcaprarola.it\/sinequanon\/#website","url":"https:\/\/visitcaprarola.it\/sinequanon\/","name":"Sine Qua Non","description":"Rete Imprese di Caprarola","potentialAction":[{"@type":"SearchAction","target":{"@type":"EntryPoint","urlTemplate":"https:\/\/visitcaprarola.it\/sinequanon\/?s={search_term_string}"},"query-input":"required name=search_term_string"}],"inLanguage":"it-IT"},{"@type":"WebPage","@id":"http:\/\/visitcaprarola.it\/sinequanon\/privacy-policy\/#webpage","url":"http:\/\/visitcaprarola.it\/sinequanon\/privacy-policy\/","name":"Privacy Policy - Sine Qua Non","isPartOf":{"@id":"https:\/\/visitcaprarola.it\/sinequanon\/#website"},"datePublished":"2019-08-02T10:51:02+00:00","dateModified":"2019-09-03T16:49:15+00:00","breadcrumb":{"@id":"http:\/\/visitcaprarola.it\/sinequanon\/privacy-policy\/#breadcrumb"},"inLanguage":"it-IT","potentialAction":[{"@type":"ReadAction","target":["http:\/\/visitcaprarola.it\/sinequanon\/privacy-policy\/"]}]},{"@type":"BreadcrumbList","@id":"http:\/\/visitcaprarola.it\/sinequanon\/privacy-policy\/#breadcrumb","itemListElement":[{"@type":"ListItem","position":1,"name":"Home","item":"https:\/\/visitcaprarola.it\/sinequanon\/"},{"@type":"ListItem","position":2,"name":"Privacy Policy"}]}]}},"_links":{"self":[{"href":"http:\/\/visitcaprarola.it\/sinequanon\/wp-json\/wp\/v2\/pages\/3"}],"collection":[{"href":"http:\/\/visitcaprarola.it\/sinequanon\/wp-json\/wp\/v2\/pages"}],"about":[{"href":"http:\/\/visitcaprarola.it\/sinequanon\/wp-json\/wp\/v2\/types\/page"}],"author":[{"embeddable":true,"href":"http:\/\/visitcaprarola.it\/sinequanon\/wp-json\/wp\/v2\/users\/2"}],"replies":[{"embeddable":true,"href":"http:\/\/visitcaprarola.it\/sinequanon\/wp-json\/wp\/v2\/comments?post=3"}],"version-history":[{"count":3,"href":"http:\/\/visitcaprarola.it\/sinequanon\/wp-json\/wp\/v2\/pages\/3\/revisions"}],"predecessor-version":[{"id":554,"href":"http:\/\/visitcaprarola.it\/sinequanon\/wp-json\/wp\/v2\/pages\/3\/revisions\/554"}],"wp:attachment":[{"href":"http:\/\/visitcaprarola.it\/sinequanon\/wp-json\/wp\/v2\/media?parent=3"}],"curies":[{"name":"wp","href":"https:\/\/api.w.org\/{rel}","templated":true}]}}